{"id":932,"date":"2024-12-04T14:27:04","date_gmt":"2024-12-04T13:27:04","guid":{"rendered":"https:\/\/fotojeger.ch\/privacy-policy\/"},"modified":"2025-02-20T14:24:23","modified_gmt":"2025-02-20T13:24:23","slug":"privacy-policy","status":"publish","type":"page","link":"https:\/\/fotojeger.ch\/en\/privacy-policy\/","title":{"rendered":"Privacy Policy"},"content":{"rendered":"<section class=\"l-section wpb_row height_medium\"><div class=\"l-section-h i-cf\"><div class=\"g-cols vc_row via_flex valign_top type_default stacking_default\"><div class=\"vc_col-sm-12 wpb_column vc_column_container\"><div class=\"vc_column-inner\"><div class=\"wpb_wrapper\"><h1 class=\"w-text\"><span class=\"w-text-h\"><span class=\"w-text-value\">Privacy Policy<\/span><\/span><\/h1><\/div><\/div><\/div><\/div><\/div><\/section><section class=\"l-section wpb_row height_small\"><div class=\"l-section-h i-cf\"><div class=\"g-cols vc_row via_flex valign_top type_default stacking_default\"><div class=\"vc_col-sm-12 wpb_column vc_column_container\"><div class=\"vc_column-inner\"><div class=\"wpb_wrapper\"><div class=\"wpb_text_column\"><div class=\"wpb_wrapper\"><p><strong>Datenschutz der pers\u00f6nlichen Daten gem\u00e4ss dem DSGVO<\/strong><\/p>\n<p>fotojeger gmbh informiert in Anwendung der geltenden Gesetzgebung zum Schutz pers\u00f6nlicher Daten, dass die pers\u00f6nlichen Daten, die \u00fcber die Formulare auf der Website https:\/\/www.fotojeger.ch\/ gesammelt werden, in die spezifischen automatisierten Dateien der Nutzer der Dienstleistungen von fotojeger gmbh aufgenommen werden.<\/p>\n<p>Der Zweck der Erfassung und automatisierten Verarbeitung der personenbezogenen Daten ist die Aufrechterhaltung der Gesch\u00e4ftsbeziehung und die Durchf\u00fchrung von Informations-, Schulungs-, Beratungs- und anderen Aktivit\u00e4ten von fotojeger gmbh.<\/p>\n<p>Diese Daten werden nur an diejenigen Stellen weitergegeben, die f\u00fcr die Erf\u00fcllung des oben genannten Zwecks erforderlich sind. fotojeger gmbh ergreift die notwendigen Massnahmen, um die Sicherheit, Integrit\u00e4t und Vertraulichkeit der Daten gem\u00e4\u00df den Bestimmungen der Verordnung (EU) 2016\/679 des Europ\u00e4ischen Parlaments und des Rates vom 27. April 2016 zum Schutz nat\u00fcrlicher Personen bei der Verarbeitung personenbezogener Daten und zum freien Datenverkehr und zur Aufhebung der alten LOPD, dem neuen Organgesetz 3\/2018 vom 5. Dezember \u00fcber den Datenschutz und die Garantie digitaler Rechte (LOPDGDDD) zu gew\u00e4hrleisten.<\/p>\n<p>Der Nutzer kann jederzeit die in der oben genannten Verordnung (EU) anerkannten Rechte auf Zugang, Widerspruch, Berichtigung, L\u00f6schung, Einschr\u00e4nkung und \u00dcbertragbarkeit aus\u00fcben. Diese Rechte kann der Nutzer aus\u00fcben, indem er eine E-Mail an info@fotojeger.ch oder an die folgende Adresse sendet: fotojeger gmbh, Lindenstrasse 21, CH-4900 Langenthal, Schweiz \/ Switzerland.<\/p>\n<p>Der Nutzer erkl\u00e4rt, dass alle von ihm angegebenen Daten wahrheitsgetreu und korrekt sind, und verpflichtet sich, sie auf dem neuesten Stand zu halten und fotojeger gmbh alle \u00c4nderungen mitzuteilen Zweck der Verarbeitung der pers\u00f6nlichen Daten:<\/p>\n<p><strong>Zu welchem Zweck werden Ihre personenbezogenen Daten verarbeitet?<\/strong><\/p>\n<p>fotojeger gmbh verarbeitet Ihre pers\u00f6nlichen Daten, die \u00fcber die Website https:\/\/www.fotojeger.ch\/ gesammelt wurden, f\u00fcr folgende Zwecke:<\/p>\n<ol>\n<li>Zur Erf\u00fcllung der handels-, arbeits-, gesellschafts- und buchhalterischen Verpflichtungen des Unternehmens.<\/li>\n<li>Zusendung von Gesch\u00e4ftsinformationen und Newslettern \u00fcber neue Dienstleistungen, die auf der Website und in der Branche angeboten werden.<\/li>\n<li>Versand von Werbeinformationen auf elektronischem Wege.<\/li>\n<li>Bereitstellung von Informationen, die der Nutzer \u00fcber das Kontaktformular angefordert hat.<\/li>\n<\/ol>\n<p>Wir erinnern Sie daran, dass Sie sich der Zusendung kommerzieller Mitteilungen mit allen Mitteln und zu jeder Zeit widersetzen k\u00f6nnen, indem Sie eine E-Mail an die oben angegebene Adresse senden. Die Felder in diesen Datens\u00e4tzen m\u00fcssen ausgef\u00fcllt werden, und es wird unm\u00f6glich sein, die angegebenen Zwecke zu erf\u00fcllen, wenn Sie diese Informationen nicht zur Verf\u00fcgung stellen.<\/p>\n<p><strong>Wie lange werden die erhobenen personenbezogenen Daten aufbewahrt?<\/strong><\/p>\n<p>Die \u00fcbermittelten personenbezogenen Daten werden so lange aufbewahrt, wie die Gesch\u00e4ftsbeziehung aufrechterhalten wird oder Sie nicht ihre L\u00f6schung verlangen, sowie f\u00fcr den Zeitraum, f\u00fcr den sich aus den erbrachten Dienstleistungen rechtliche Verpflichtungen ergeben k\u00f6nnen.<\/p>\n<p><strong>Legitimation<\/strong>:<\/p>\n<p>Die Verarbeitung Ihrer Daten erfolgt auf den folgenden Rechtsgrundlagen, die sie legitimieren:<\/p>\n<ol>\n<li>Die Anfrage nach Informationen und\/oder die Inanspruchnahme der Dienstleistungen von fotojeger gmbh, deren Bedingungen Ihnen in jedem Fall vor einem eventuellen Vertragsabschluss zur Verf\u00fcgung gestellt werden.<\/li>\n<li>Die freie, spezifische, informierte und unmissverst\u00e4ndliche Zustimmung, sofern wir Sie informieren, indem wir Ihnen diese Datenschutzerkl\u00e4rung zur Verf\u00fcgung stellen, die Sie nach dem Lesen, wenn Sie damit einverstanden sind, durch eine Erkl\u00e4rung oder eine eindeutige best\u00e4tigende Handlung, wie z. B. das Ankreuzen eines zu diesem Zweck vorgesehenen K\u00e4stchens, annehmen k\u00f6nnen.<\/li>\n<\/ol>\n<p>Wenn Sie uns Ihre Daten nicht, falsch oder unvollst\u00e4ndig zur Verf\u00fcgung stellen, k\u00f6nnen wir Ihre Anfrage nicht bearbeiten, so dass es v\u00f6llig unm\u00f6glich ist, Ihnen die angeforderten Informationen zukommen zu lassen oder den Vertrag \u00fcber die Dienstleistungen zu erf\u00fcllen.<\/p>\n<p><strong>Empf\u00e4nger<\/strong>:<\/p>\n<p>Die Daten werden nicht an Dritte au\u00dferhalb von fotojeger gmbh weitergegeben, es sei denn, es besteht eine gesetzliche Verpflichtung.<\/p>\n<p><strong>Von den Nutzern der Dienste gesammelte Daten<\/strong><\/p>\n<p>In den F\u00e4llen, in denen der Nutzer Dateien mit pers\u00f6nlichen Daten auf den Shared-Hosting-Servern ablegt, ist fotojeger gmbh nicht verantwortlich f\u00fcr die Nichteinhaltung der DSGVO durch den Nutzer.<\/p>\n<p><strong>Rechte an geistigem Eigentum https:\/\/www.fotojeger.ch\/<\/strong><\/p>\n<p>fotojeger gmbh (Markus A. Jegerlehner) ist Inhaber aller Urheberrechte, des geistigen und gewerblichen Eigentums, des Know-hows und aller anderen Rechte im Zusammenhang mit den Inhalten der Website https:\/\/www.fotojeger.ch\/ und den darin angebotenen Dienstleistungen sowie der f\u00fcr ihre Umsetzung erforderlichen Programme und der damit verbundenen Informationen. Die Vervielf\u00e4ltigung, Ver\u00f6ffentlichung und\/oder Nutzung des Inhalts der Website https:\/\/www.fotojeger.ch\/, ganz oder teilweise, ist ohne vorherige schriftliche Genehmigung nicht gestattet, es sei denn, sie dient ausschliesslich dem privaten Gebrauch.<\/p>\n<p><strong>Geistiges Eigentum an der Software<\/strong><\/p>\n<p>Der Nutzer muss die von fotojeger gmbh zur Verf\u00fcgung gestellte Software Dritter respektieren, auch wenn sie kostenlos und\/oder \u00f6ffentlich zug\u00e4nglich ist.<\/p>\n<p>Der Nutzer erwirbt keine Rechte oder Lizenzen an der vertraglich vereinbarten Dienstleistung, an der f\u00fcr die Erbringung der Dienstleistung erforderlichen Software und an den technischen Informationen zur \u00dcberwachung der Dienstleistung, mit Ausnahme der f\u00fcr die Erf\u00fcllung der vertraglich vereinbarten Dienstleistungen erforderlichen Rechte und Lizenzen und nur f\u00fcr die Dauer derselben.<\/p>\n<p>F\u00fcr jede Handlung, die \u00fcber die Erf\u00fcllung des Vertrages hinausgeht, ben\u00f6tigt der Benutzer eine schriftliche Genehmigung von fotojeger gmbh. Dem Benutzer ist es untersagt, auf die Konfiguration, die Struktur und die Dateien der Server von fotojeger gmbh zuzugreifen, sie zu ver\u00e4ndern oder zu visualisieren, und er tr\u00e4gt die zivil- und strafrechtliche Verantwortung f\u00fcr jeden Vorfall, der sich in den Servern und Sicherheitssystemen als direkte Folge einer fahrl\u00e4ssigen oder b\u00f6swilligen Handlung seinerseits ereignen k\u00f6nnte.<\/p>\n<p><strong>Geistiges Eigentum an den bereitgestellten Inhalten<\/strong><\/p>\n<p>Die Nutzung der von fotojeger gmbh zur Verf\u00fcgung gestellten Dienste unter Versto\u00df gegen die Gesetzgebung zum geistigen Eigentum ist verboten, insbesondere<\/p>\n<ol>\n<li>eine Nutzung, die gegen die Schweizer Gesetzgebung verst\u00f6sst oder die die Rechte Dritter verletzt.<\/li>\n<li>Die Ver\u00f6ffentlichung oder \u00dcbermittlung von Inhalten, die nach Meinung von fotojeger gmbh gewaltt\u00e4tig, obsz\u00f6n, beleidigend, illegal, rassistisch, fremdenfeindlich oder diffamierend sind.<\/li>\n<li>Cracks, Seriennummern von Programmen oder andere Inhalte, die die Rechte am geistigen Eigentum Dritter verletzen.<\/li>\n<li>Die Erhebung und\/oder Nutzung von personenbezogenen Daten anderer Nutzer ohne deren ausdr\u00fcckliche Zustimmung oder unter Versto\u00df gegen die Bestimmungen der Verordnung (EU) 2016\/679 des Europ\u00e4ischen Parlaments und des Rates vom 27. April 2016 zum Schutz nat\u00fcrlicher Personen bei der Verarbeitung personenbezogener Daten und zum freien Datenverkehr.<\/li>\n<li>Die Nutzung des Mailservers und der E-Mail-Adressen der Domain f\u00fcr den Versand unerw\u00fcnschter Massen-E-Mails.<\/li>\n<\/ol>\n<p>Der Nutzer tr\u00e4gt die volle Verantwortung f\u00fcr den Inhalt seiner Website, die \u00fcbermittelten und gespeicherten Informationen, Hypertext-Links, Anspr\u00fcche Dritter und rechtliche Schritte in Bezug auf das geistige Eigentum, die Rechte Dritter und den Schutz von Minderj\u00e4hrigen.<\/p>\n<p>Der Nutzer ist verantwortlich f\u00fcr die Einhaltung der geltenden Gesetze und Vorschriften sowie der Regeln f\u00fcr den Betrieb des Online-Dienstes, des elektronischen Handels, des Urheberrechts, der Aufrechterhaltung der \u00f6ffentlichen Ordnung sowie der allgemeinen Grunds\u00e4tze der Internetnutzung.<\/p>\n<p>Der Benutzer entsch\u00e4digt fotojeger gmbh f\u00fcr die Kosten, die fotojeger gmbh in jedem Fall, f\u00fcr den der Benutzer verantwortlich ist, entstehen, einschlie\u00dflich der Geb\u00fchren und Kosten der Rechtsverteidigung, auch im Falle einer nicht rechtskr\u00e4ftigen gerichtlichen Entscheidung.<\/p>\n<p><strong>Schutz der gespeicherten Informationen<\/strong><\/p>\n<p>fotojeger gmbh erstellt Sicherheitskopien der auf ihren Servern gehosteten Inhalte, haftet jedoch nicht f\u00fcr den Verlust oder die versehentliche L\u00f6schung von Daten durch die Nutzer. Sie garantiert auch nicht die vollst\u00e4ndige Wiederherstellung der von den Nutzern gel\u00f6schten Daten, da diese in dem Zeitraum, der seit der letzten Sicherungskopie verstrichen ist, gel\u00f6scht und\/oder ver\u00e4ndert worden sein k\u00f6nnen.<\/p>\n<p>Die angebotenen Dienstleistungen, mit Ausnahme der spezifischen Backup-Dienste, beinhalten nicht den Ersatz der in den von fotojeger gmbh erstellten Sicherungskopien konservierten Inhalte, wenn dieser Verlust dem Benutzer zuzuschreiben ist; in diesem Fall wird eine Geb\u00fchr je nach Komplexit\u00e4t und Umfang der Wiederherstellung festgelegt, immer mit vorheriger Zustimmung des Benutzers.<\/p>\n<p>Die Wiederherstellung von gel\u00f6schten Daten ist nur dann im Preis der Dienstleistung inbegriffen, wenn der Verlust der Inhalte auf Ursachen zur\u00fcckzuf\u00fchren ist, die fotojeger gmbh zuzuschreiben sind.<\/p>\n<p><strong>Kommerzielle Kommunikationen<\/strong><\/p>\n<p>In Anwendung des LSSI. fotojeger gmbh sendet keine Werbe- oder verkaufsf\u00f6rdernden Mitteilungen per E-Mail oder \u00fcber andere gleichwertige elektronische Kommunikationsmittel, die nicht zuvor angefordert oder von den Empf\u00e4ngern ausdr\u00fccklich genehmigt wurden.<\/p>\n<p>Im Falle von Nutzern, mit denen eine fr\u00fchere Vertragsbeziehung besteht, ist fotojeger gmbh berechtigt, kommerzielle Mitteilungen zu senden, die sich auf Produkte oder Dienstleistungen von fotojeger gmbh beziehen, die denen \u00e4hnlich sind, die urspr\u00fcnglich mit dem Kunden vereinbart wurden.<br \/>\nIn jedem Fall kann der Nutzer, nachdem er seine Identit\u00e4t nachgewiesen hat, \u00fcber die Kan\u00e4le des Kundendienstes verlangen, dass ihm keine weiteren kommerziellen Informationen zugesandt werden.<\/p>\n<\/div><\/div><\/div><\/div><\/div><\/div><\/div><\/section>\n","protected":false},"excerpt":{"rendered":"Privacy PolicyDatenschutz der pers\u00f6nlichen Daten gem\u00e4ss dem DSGVO fotojeger gmbh informiert in Anwendung der geltenden Gesetzgebung zum Schutz pers\u00f6nlicher Daten, dass die pers\u00f6nlichen Daten, die \u00fcber die Formulare auf der Website https:\/\/www.fotojeger.ch\/ gesammelt werden, in die spezifischen automatisierten Dateien der Nutzer der Dienstleistungen von fotojeger gmbh aufgenommen werden. Der Zweck der Erfassung und automatisierten Verarbeitung...","protected":false},"author":1,"featured_media":1118,"parent":0,"menu_order":0,"comment_status":"closed","ping_status":"closed","template":"","meta":{"_acf_changed":false,"_seopress_robots_primary_cat":"","_seopress_titles_title":"","_seopress_titles_desc":"","_seopress_robots_index":"","footnotes":""},"class_list":["post-932","page","type-page","status-publish","has-post-thumbnail","hentry"],"acf":[],"_links":{"self":[{"href":"https:\/\/fotojeger.ch\/en\/wp-json\/wp\/v2\/pages\/932","targetHints":{"allow":["GET"]}}],"collection":[{"href":"https:\/\/fotojeger.ch\/en\/wp-json\/wp\/v2\/pages"}],"about":[{"href":"https:\/\/fotojeger.ch\/en\/wp-json\/wp\/v2\/types\/page"}],"author":[{"embeddable":true,"href":"https:\/\/fotojeger.ch\/en\/wp-json\/wp\/v2\/users\/1"}],"replies":[{"embeddable":true,"href":"https:\/\/fotojeger.ch\/en\/wp-json\/wp\/v2\/comments?post=932"}],"version-history":[{"count":4,"href":"https:\/\/fotojeger.ch\/en\/wp-json\/wp\/v2\/pages\/932\/revisions"}],"predecessor-version":[{"id":1044,"href":"https:\/\/fotojeger.ch\/en\/wp-json\/wp\/v2\/pages\/932\/revisions\/1044"}],"wp:featuredmedia":[{"embeddable":true,"href":"https:\/\/fotojeger.ch\/en\/wp-json\/wp\/v2\/media\/1118"}],"wp:attachment":[{"href":"https:\/\/fotojeger.ch\/en\/wp-json\/wp\/v2\/media?parent=932"}],"curies":[{"name":"wp","href":"https:\/\/api.w.org\/{rel}","templated":true}]}}